{"id":1051,"date":"2024-06-17T19:26:42","date_gmt":"2024-06-17T23:26:42","guid":{"rendered":"https:\/\/www.krown2024.acxcomdev.com\/about-us\/"},"modified":"2026-03-04T11:19:04","modified_gmt":"2026-03-04T16:19:04","slug":"about-us","status":"publish","type":"page","link":"https:\/\/krownvaudreuil.com\/en\/about-us\/","title":{"rendered":"About us"},"content":{"rendered":"<p>[et_pb_section fb_built=&#8221;1&#8243; admin_label=&#8221;Header&#8221; _builder_version=&#8221;4.25.2&#8243; use_background_color_gradient=&#8221;on&#8221; background_color_gradient_stops=&#8221;rgba(243,204,2,0.74) 0%|rgba(243,204,2,0.96) 67%&#8221; background_color_gradient_overlays_image=&#8221;on&#8221; background_color_gradient_start=&#8221;rgba(23,0,190,0.3)&#8221; background_color_gradient_end=&#8221;rgba(23,0,190,0.9)&#8221; background_color_gradient_end_position=&#8221;64%&#8221; background_image=&#8221;https:\/\/krownvaudreuil.com\/wp-content\/uploads\/2024\/06\/detailing-05.jpg&#8221; custom_padding=&#8221;2vw||0vw||false|false&#8221; global_colors_info=&#8221;{}&#8221;][et_pb_row _builder_version=&#8221;4.26.0&#8243; z_index=&#8221;10&#8243; width=&#8221;74%&#8221; width_tablet=&#8221;90%&#8221; width_phone=&#8221;90%&#8221; width_last_edited=&#8221;on|tablet&#8221; max_width=&#8221;1420px&#8221; custom_padding=&#8221;0px|||||&#8221; global_colors_info=&#8221;{}&#8221;][et_pb_column type=&#8221;4_4&#8243; _builder_version=&#8221;4.16&#8243; global_colors_info=&#8221;{}&#8221;][et_pb_text admin_label=&#8221;\u00c0 propos de Krown&#8221; _builder_version=&#8221;4.26.0&#8243; text_font_size=&#8221;16px&#8221; text_line_height=&#8221;1.8em&#8221; header_font=&#8221;&#8211;et_global_heading_font|800|||||||&#8221; header_text_color=&#8221;#000000&#8243; header_font_size=&#8221;5vw&#8221; background_layout=&#8221;dark&#8221; width=&#8221;70%&#8221; custom_padding=&#8221;||90px||false|false&#8221; custom_padding_tablet=&#8221;||0px||false|false&#8221; custom_padding_phone=&#8221;||0px||false|false&#8221; custom_padding_last_edited=&#8221;on|tablet&#8221; header_font_size_tablet=&#8221;&#8221; header_font_size_phone=&#8221;42px&#8221; header_font_size_last_edited=&#8221;on|phone&#8221; global_colors_info=&#8221;{}&#8221;]<\/p>\n<h1>About Krown<\/h1>\n<p><\/p>\n<p>&nbsp;<\/p>\n<p>[\/et_pb_text][\/et_pb_column][\/et_pb_row][et_pb_row custom_padding_last_edited=&#8221;on|phone&#8221; _builder_version=&#8221;4.26.0&#8243; use_background_color_gradient=&#8221;on&#8221; background_color_gradient_direction=&#8221;-45deg&#8221; background_color_gradient_stops=&#8221;#000000 64%|rgba(0,0,0,0) 64%&#8221; background_color_gradient_start=&#8221;#000000&#8243; background_color_gradient_start_position=&#8221;64%&#8221; background_color_gradient_end=&#8221;rgba(0,0,0,0)&#8221; background_color_gradient_end_position=&#8221;0%&#8221; max_width=&#8221;none&#8221; custom_margin=&#8221;-6vw|183px||auto|false|false&#8221; custom_margin_tablet=&#8221;0px|40px|||false|false&#8221; custom_margin_phone=&#8221;&#8221; custom_margin_last_edited=&#8221;on|phone&#8221; custom_padding=&#8221;79px||79px|40%|true|false&#8221; custom_padding_tablet=&#8221;60px||60px|35%|true|false&#8221; custom_padding_phone=&#8221;40px||40px||true|false&#8221; box_shadow_style=&#8221;preset4&#8243; box_shadow_horizontal=&#8221;30vw&#8221; box_shadow_vertical=&#8221;0px&#8221; box_shadow_color=&#8221;#000000&#8243; global_colors_info=&#8221;{}&#8221;][et_pb_column type=&#8221;4_4&#8243; _builder_version=&#8221;4.16&#8243; global_colors_info=&#8221;{}&#8221;][et_pb_text admin_label=&#8221;D\u00e9couvrez Krown Vaudreuil: Prot\u00e9gez votre v\u00e9hicule avec nos solutions antirouille de confiance!&#8221; _builder_version=&#8221;4.27.0&#8243; header_2_font=&#8221;&#8211;et_global_heading_font|800|||||||&#8221; header_2_font_size=&#8221;44px&#8221; header_2_line_height=&#8221;1.2em&#8221; background_layout=&#8221;dark&#8221; max_width=&#8221;700px&#8221; custom_margin=&#8221;|-1px|||false|false&#8221; custom_padding_tablet=&#8221;&#8221; custom_padding_phone=&#8221;50px||||false|false&#8221; custom_padding_last_edited=&#8221;on|phone&#8221; header_font_size_tablet=&#8221;30px&#8221; header_font_size_phone=&#8221;30px&#8221; header_font_size_last_edited=&#8221;on|tablet&#8221; header_2_font_size_tablet=&#8221;18px&#8221; header_2_font_size_phone=&#8221;18px&#8221; header_2_font_size_last_edited=&#8221;on|desktop&#8221; locked=&#8221;off&#8221; global_colors_info=&#8221;{}&#8221;]<\/p>\n<h2>Discover Krown Vaudreuil-Dorion: Protect your vehicle with our trusted rustproofing solutions!<\/h2>\n<p>[\/et_pb_text][\/et_pb_column][\/et_pb_row][\/et_pb_section][et_pb_section fb_built=&#8221;1&#8243; custom_padding_last_edited=&#8221;on|tablet&#8221; admin_label=&#8221;About&#8221; _builder_version=&#8221;4.25.2&#8243; background_color=&#8221;#000000&#8243; use_background_color_gradient=&#8221;on&#8221; background_color_gradient_direction=&#8221;135deg&#8221; background_color_gradient_stops=&#8221;rgba(255,255,255,0) 32%|#d5d5d5 32%&#8221; background_color_gradient_start=&#8221;rgba(255,255,255,0)&#8221; background_color_gradient_start_position=&#8221;32%&#8221; background_color_gradient_end=&#8221;#ffffff&#8221; background_color_gradient_end_position=&#8221;0%&#8221; background_enable_image=&#8221;off&#8221; background_position=&#8221;top_left&#8221; custom_margin=&#8221;-1px||||false|false&#8221; custom_padding=&#8221;6vw||6vw||false|false&#8221; custom_padding_tablet=&#8221;||||false|false&#8221; custom_padding_phone=&#8221;&#8221; global_colors_info=&#8221;{}&#8221;][et_pb_row column_structure=&#8221;2_5,3_5&#8243; _builder_version=&#8221;4.25.2&#8243; max_width=&#8221;none&#8221; custom_padding=&#8221;||||false|false&#8221; global_colors_info=&#8221;{}&#8221;][et_pb_column type=&#8221;2_5&#8243; _builder_version=&#8221;4.16&#8243; global_colors_info=&#8221;{}&#8221;][et_pb_image src=&#8221;https:\/\/krownvaudreuil.com\/wp-content\/uploads\/\/gun-antirouille.svg&#8221; title_text=&#8221;rustproof gun&#8221; admin_label=&#8221;Image &#8211; Spray gun&#8221; _builder_version=&#8221;4.26.0&#8243; _module_preset=&#8221;default&#8221; global_colors_info=&#8221;{}&#8221;][\/et_pb_image][\/et_pb_column][et_pb_column type=&#8221;3_5&#8243; _builder_version=&#8221;4.25.2&#8243; background_color=&#8221;#FFFFFF&#8221; custom_padding=&#8221;3vw|5vw|4vw|5vw|false|true&#8221; custom_padding_tablet=&#8221;0vw||||false|false&#8221; custom_padding_phone=&#8221;&#8221; custom_padding_last_edited=&#8221;on|tablet&#8221; custom_css_main_element=&#8221;margin-top:20vh;&#8221; box_shadow_style=&#8221;preset1&#8243; global_colors_info=&#8221;{}&#8221;][et_pb_text admin_label=&#8221;Krown Vaudreuil est la seule&#8230;&#8221; _builder_version=&#8221;4.27.0&#8243; max_width_tablet=&#8221;100%&#8221; max_width_phone=&#8221;&#8221; max_width_last_edited=&#8221;on|tablet&#8221; custom_padding=&#8221;||||false|false&#8221; custom_padding_tablet=&#8221;||||false|false&#8221; custom_padding_phone=&#8221;15px||||false|false&#8221; custom_padding_last_edited=&#8221;on|phone&#8221; global_colors_info=&#8221;{}&#8221;]<\/p>\n<p>Krown Vaudreuil-Dorion is the only rustproofing company recommended by the APA and Consumer Protection. Our Krown treatment extends the life of your equipment and reduces repair costs. We offer salt eliminator treatment and year-round rustproofing service.<\/p>\n<p>[\/et_pb_text][\/et_pb_column][\/et_pb_row][\/et_pb_section][et_pb_section fb_built=&#8221;1&#8243; admin_label=&#8221;Services&#8221; _builder_version=&#8221;4.25.2&#8243; custom_margin=&#8221;-1px||||false|false&#8221; custom_padding=&#8221;7vw||11vw||false|false&#8221; top_divider_color=&#8221;#E8BD09&#8243; bottom_divider_style=&#8221;slant2&#8243; bottom_divider_color=&#8221;#E8BD09&#8243; global_colors_info=&#8221;{}&#8221;][et_pb_row custom_padding_last_edited=&#8221;on|phone&#8221; _builder_version=&#8221;4.27.0&#8243; _module_preset=&#8221;default&#8221; custom_padding_tablet=&#8221;&#8221; custom_padding_phone=&#8221;||80px||false|false&#8221; global_colors_info=&#8221;{}&#8221;][et_pb_column type=&#8221;4_4&#8243; _builder_version=&#8221;4.25.2&#8243; _module_preset=&#8221;default&#8221; global_colors_info=&#8221;{}&#8221;][et_pb_text admin_label=&#8221;Notre \u00e9quipe&#8221; _builder_version=&#8221;4.26.0&#8243; _module_preset=&#8221;default&#8221; header_2_font=&#8221;&#8211;et_global_heading_font|800|||||||&#8221; header_2_font_size=&#8221;44px&#8221; global_colors_info=&#8221;{}&#8221;]<\/p>\n<h2>Our team<\/h2>\n<p>[\/et_pb_text][et_pb_divider color=&#8221;#E8BD09&#8243; divider_weight=&#8221;6px&#8221; _builder_version=&#8221;4.25.2&#8243; _module_preset=&#8221;default&#8221; max_width=&#8221;18%&#8221; custom_margin=&#8221;-20px||||false|false&#8221; custom_padding=&#8221;0px||||false|false&#8221; global_colors_info=&#8221;{}&#8221;][\/et_pb_divider][et_pb_text admin_label=&#8221;Notre \u00e9quipe d\u00e9di\u00e9e, dirig\u00e9e&#8230;&#8221; _builder_version=&#8221;4.26.0&#8243; _module_preset=&#8221;default&#8221; global_colors_info=&#8221;{}&#8221;]<\/p>\n<p>Our dedicated team, led by <strong>Claire-Ren\u00e9e Michaud<\/strong> and <strong>St\u00e9phan Renaud<\/strong>, with <strong>St\u00e9fanie Renaud<\/strong> as customer service manager, is committed to provide efficiency, quality, and protection. We strive to protect your vehicle against rust while ensuring impeccable service for every visitor.<\/p>\n<p>[\/et_pb_text][\/et_pb_column][\/et_pb_row][\/et_pb_section][et_pb_section fb_built=&#8221;1&#8243; admin_label=&#8221;CTA&#8221; _builder_version=&#8221;4.25.2&#8243; use_background_color_gradient=&#8221;on&#8221; background_color_gradient_stops=&#8221;#e8bd09 0%|rgba(232,189,9,0.58) 100%&#8221; background_color_gradient_overlays_image=&#8221;on&#8221; background_color_gradient_start=&#8221;#1700be&#8221; background_color_gradient_end=&#8221;rgba(23,0,190,0)&#8221; background_image=&#8221;https:\/\/krownvaudreuil.com\/wp-content\/uploads\/2024\/06\/detailing-11.jpg&#8221; custom_padding=&#8221;8vw||8vw||true|false&#8221; global_colors_info=&#8221;{}&#8221;][et_pb_row _builder_version=&#8221;4.25.2&#8243; locked=&#8221;off&#8221; global_colors_info=&#8221;{}&#8221;][et_pb_column type=&#8221;4_4&#8243; _builder_version=&#8221;4.16&#8243; global_colors_info=&#8221;{}&#8221;][et_pb_text admin_label=&#8221;Faites confiance \u00e0 notre \u00e9quipe d\u00e9vou\u00e9e pour une protection exceptionnelle de votre v\u00e9hicule avec Krown!&#8221; _builder_version=&#8221;4.26.0&#8243; header_2_font=&#8221;&#8211;et_global_heading_font|800||on|||||&#8221; header_2_text_align=&#8221;center&#8221; header_2_text_color=&#8221;#000000&#8243; header_2_font_size=&#8221;42px&#8221; header_2_line_height=&#8221;1.2em&#8221; background_layout=&#8221;dark&#8221; module_alignment=&#8221;center&#8221; header_2_font_size_tablet=&#8221;30px&#8221; header_2_font_size_phone=&#8221;38px&#8221; header_2_font_size_last_edited=&#8221;on|phone&#8221; locked=&#8221;off&#8221; global_colors_info=&#8221;{}&#8221;]<\/p>\n<h2>Trust our dedicated team for exceptional vehicle protection with Krown!<\/h2>\n<p>[\/et_pb_text][et_pb_button button_url=&#8221;https:\/\/krown.com\/en\/dealers\/vaudreuil-dorion-qc-326\/book&#8221; url_new_window=&#8221;on&#8221; button_text=&#8221;Appointment&#8221; button_alignment=&#8221;center&#8221; admin_label=&#8221;Bouton &#8211; Rendez-vous&#8221; module_class=&#8221;jb-in-page-button en&#8221; _builder_version=&#8221;4.27.6&#8243; _module_preset=&#8221;default&#8221; custom_button=&#8221;on&#8221; button_text_color=&#8221;#FFFFFF&#8221; button_bg_color=&#8221;#FD0404&#8243; hover_enabled=&#8221;0&#8243; global_colors_info=&#8221;{}&#8221; sticky_enabled=&#8221;0&#8243;][\/et_pb_button][\/et_pb_column][\/et_pb_row][\/et_pb_section][et_pb_section fb_built=&#8221;1&#8243; custom_padding_last_edited=&#8221;on|phone&#8221; admin_label=&#8221;Footer&#8221; _builder_version=&#8221;4.25.2&#8243; background_color=&#8221;#D5D5D5&#8243; custom_margin=&#8221;0px||||false|false&#8221; custom_margin_tablet=&#8221;&#8221; custom_margin_phone=&#8221;0px||||false|false&#8221; custom_margin_last_edited=&#8221;on|phone&#8221; custom_padding=&#8221;1px||0px||false|false&#8221; custom_padding_tablet=&#8221;&#8221; custom_padding_phone=&#8221;48px||48px||true|false&#8221; saved_tabs=&#8221;all&#8221; locked=&#8221;off&#8221; collapsed=&#8221;off&#8221; global_colors_info=&#8221;{}&#8221;][et_pb_row column_structure=&#8221;1_2,1_2&#8243; custom_padding_last_edited=&#8221;on|phone&#8221; _builder_version=&#8221;4.26.0&#8243; use_background_color_gradient=&#8221;on&#8221; background_color_gradient_direction=&#8221;135deg&#8221; background_color_gradient_stops=&#8221;rgba(23,0,190,0) 40%|#e8bd09 40%&#8221; background_color_gradient_start=&#8221;rgba(23,0,190,0)&#8221; background_color_gradient_start_position=&#8221;36%&#8221; background_color_gradient_end=&#8221;#1700be&#8221; background_color_gradient_end_position=&#8221;0%&#8221; background_enable_image=&#8221;off&#8221; width=&#8221;85%&#8221; width_tablet=&#8221;95.3%&#8221; width_phone=&#8221;&#8221; width_last_edited=&#8221;on|phone&#8221; max_width=&#8221;95%&#8221; module_alignment=&#8221;right&#8221; custom_margin=&#8221;-80px||||false|false&#8221; custom_margin_tablet=&#8221;&#8221; custom_margin_phone=&#8221;0px||||false|false&#8221; custom_margin_last_edited=&#8221;on|phone&#8221; custom_padding=&#8221;160px|12.9%|50px||false|false&#8221; custom_padding_tablet=&#8221;|5%|||false|false&#8221; custom_padding_phone=&#8221;0px||||false|false&#8221; background_last_edited=&#8221;on|phone&#8221; use_background_color_gradient_phone=&#8221;off&#8221; box_shadow_style=&#8221;preset4&#8243; box_shadow_horizontal=&#8221;30vw&#8221; box_shadow_vertical=&#8221;0px&#8221; box_shadow_color=&#8221;#1700be&#8221; box_shadow_horizontal_tablet=&#8221;&#8221; box_shadow_horizontal_phone=&#8221;0vw&#8221; box_shadow_horizontal_last_edited=&#8221;on|phone&#8221; global_colors_info=&#8221;{}&#8221;][et_pb_column type=&#8221;1_2&#8243; _builder_version=&#8221;4.16&#8243; global_colors_info=&#8221;{}&#8221;][et_pb_text admin_label=&#8221;Contactez-nous&#8221; _builder_version=&#8221;4.25.2&#8243; header_3_font=&#8221;&#8211;et_global_heading_font|800|||||||&#8221; header_3_text_color=&#8221;#000000&#8243; header_3_font_size=&#8221;24px&#8221; header_3_line_height=&#8221;1.4em&#8221; background_layout=&#8221;dark&#8221; global_colors_info=&#8221;{}&#8221;]<\/p>\n<h3>Contact us<\/h3>\n<p>[\/et_pb_text][et_pb_blurb use_icon=&#8221;on&#8221; font_icon=&#8221;&#xe081;||divi||400&#8243; icon_color=&#8221;#000000&#8243; icon_placement=&#8221;left&#8221; image_icon_width=&#8221;16px&#8221; content_max_width=&#8221;100%&#8221; admin_label=&#8221;1750 rue Chicoine #116,VaudreuilQu\u00e9bec, J7V 8P2&#8243; _builder_version=&#8221;4.26.1&#8243; header_text_color=&#8221;#000000&#8243; body_text_color=&#8221;#000000&#8243; body_line_height=&#8221;1.2em&#8221; background_layout=&#8221;dark&#8221; animation=&#8221;off&#8221; icon_font_size=&#8221;16px&#8221; global_colors_info=&#8221;{}&#8221;]<\/p>\n<p>1750, rue Chicoine local 120<br \/>Vaudreuil<br \/>Qu\u00e9bec, J7V 8P2<\/p>\n<p>[\/et_pb_blurb][et_pb_blurb use_icon=&#8221;on&#8221; font_icon=&#8221;&#xe090;||divi||400&#8243; icon_color=&#8221;#000000&#8243; icon_placement=&#8221;left&#8221; image_icon_width=&#8221;16px&#8221; content_max_width=&#8221;100%&#8221; admin_label=&#8221;450 218-9993&#8243; _builder_version=&#8221;4.26.0&#8243; body_text_color=&#8221;#000000&#8243; body_line_height=&#8221;1.2em&#8221; background_layout=&#8221;dark&#8221; animation=&#8221;off&#8221; link_option_url=&#8221;tel:4502189993&#8243; icon_font_size=&#8221;16px&#8221; global_colors_info=&#8221;{}&#8221;]<\/p>\n<p>450 218-9993<\/p>\n<p>[\/et_pb_blurb][et_pb_blurb url_new_window=&#8221;on&#8221; use_icon=&#8221;on&#8221; font_icon=&#8221;&#xe076;||divi||400&#8243; icon_color=&#8221;#000000&#8243; icon_placement=&#8221;left&#8221; image_icon_width=&#8221;16px&#8221; content_max_width=&#8221;100%&#8221; admin_label=&#8221;info@krownvaudreuil.com&#8221; _builder_version=&#8221;4.27.0&#8243; body_text_color=&#8221;#000000&#8243; body_line_height=&#8221;1.2em&#8221; background_layout=&#8221;dark&#8221; animation=&#8221;off&#8221; link_option_url=&#8221;mailto:Rservationsantirouille@krownvaudreuil.com&#8221; icon_font_size=&#8221;16px&#8221; global_colors_info=&#8221;{}&#8221;]<a href=\"mailto:info@krownvaudreuil.com\" target=\"_blank\" rel=\"noopener\"><span style=\"color: #000000;\">info@krownvaudreuil.com<\/span><\/a>[\/et_pb_blurb][\/et_pb_column][et_pb_column type=&#8221;1_2&#8243; _builder_version=&#8221;4.16&#8243; global_colors_info=&#8221;{}&#8221;][et_pb_code _builder_version=&#8221;4.26.0&#8243; _module_preset=&#8221;default&#8221; global_colors_info=&#8221;{}&#8221;]<iframe src=\"https:\/\/www.google.com\/maps\/embed?pb=!1m18!1m12!1m3!1d2803.2632951959595!2d-74.038085!3d45.3636817!2m3!1f0!2f0!3f0!3m2!1i1024!2i768!4f13.1!3m3!1m2!1s0x4cc948437231c983%3A0xa7888114a9efd498!2s1750%20Rue%20Chicoine%20%23116%2C%20Vaudreuil%2C%20QC%20J7V%208W9!5e0!3m2!1sfr!2sca!4v1719608381495!5m2!1sfr!2sca\" width=\"100%\" height=\"300\" style=\"border:0;\" allowfullscreen=\"\" loading=\"lazy\" referrerpolicy=\"no-referrer-when-downgrade\"><\/iframe>[\/et_pb_code][\/et_pb_column][\/et_pb_row][\/et_pb_section]<\/p>\n","protected":false},"excerpt":{"rendered":"<p>About Krown&nbsp;Discover Krown Vaudreuil-Dorion: Protect your vehicle with our trusted rustproofing solutions!Krown Vaudreuil-Dorion is the only rustproofing company recommended by the APA and Consumer Protection. Our Krown treatment extends the life of your equipment and reduces repair costs. We offer salt eliminator treatment and year-round rustproofing service.Our teamOur dedicated team, led by Claire-Ren\u00e9e Michaud and [&hellip;]<\/p>\n","protected":false},"author":1,"featured_media":0,"parent":0,"menu_order":0,"comment_status":"closed","ping_status":"closed","template":"","meta":{"_et_pb_use_builder":"on","_et_pb_old_content":"","_et_gb_content_width":"","footnotes":""},"class_list":["post-1051","page","type-page","status-publish","hentry"],"yoast_head":"<!-- This site is optimized with the Yoast SEO plugin v27.3 - https:\/\/yoast.com\/product\/yoast-seo-wordpress\/ -->\n<title>About us - Krown Vaudreuil<\/title>\n<meta name=\"robots\" content=\"index, follow, max-snippet:-1, max-image-preview:large, max-video-preview:-1\" \/>\n<link rel=\"canonical\" href=\"https:\/\/krownvaudreuil.com\/en\/about-us\/\" \/>\n<meta property=\"og:locale\" content=\"en_US\" \/>\n<meta property=\"og:type\" content=\"article\" \/>\n<meta property=\"og:title\" content=\"About us - Krown Vaudreuil\" \/>\n<meta property=\"og:description\" content=\"About Krown&nbsp;Discover Krown Vaudreuil-Dorion: Protect your vehicle with our trusted rustproofing solutions!Krown Vaudreuil-Dorion is the only rustproofing company recommended by the APA and Consumer Protection. Our Krown treatment extends the life of your equipment and reduces repair costs. We offer salt eliminator treatment and year-round rustproofing service.Our teamOur dedicated team, led by Claire-Ren\u00e9e Michaud and [&hellip;]\" \/>\n<meta property=\"og:url\" content=\"https:\/\/krownvaudreuil.com\/en\/about-us\/\" \/>\n<meta property=\"og:site_name\" content=\"Krown Vaudreuil\" \/>\n<meta property=\"article:publisher\" content=\"https:\/\/www.facebook.com\/profile.php?id=100039129855139\" \/>\n<meta property=\"article:modified_time\" content=\"2026-03-04T16:19:04+00:00\" \/>\n<meta name=\"twitter:card\" content=\"summary_large_image\" \/>\n<meta name=\"twitter:label1\" content=\"Est. reading time\" \/>\n\t<meta name=\"twitter:data1\" content=\"3 minutes\" \/>\n<script type=\"application\/ld+json\" class=\"yoast-schema-graph\">{\"@context\":\"https:\\\/\\\/schema.org\",\"@graph\":[{\"@type\":\"WebPage\",\"@id\":\"https:\\\/\\\/krownvaudreuil.com\\\/en\\\/about-us\\\/\",\"url\":\"https:\\\/\\\/krownvaudreuil.com\\\/en\\\/about-us\\\/\",\"name\":\"About us - Krown Vaudreuil\",\"isPartOf\":{\"@id\":\"https:\\\/\\\/krownvaudreuil.com\\\/#website\"},\"datePublished\":\"2024-06-17T23:26:42+00:00\",\"dateModified\":\"2026-03-04T16:19:04+00:00\",\"breadcrumb\":{\"@id\":\"https:\\\/\\\/krownvaudreuil.com\\\/en\\\/about-us\\\/#breadcrumb\"},\"inLanguage\":\"en-US\",\"potentialAction\":[{\"@type\":\"ReadAction\",\"target\":[\"https:\\\/\\\/krownvaudreuil.com\\\/en\\\/about-us\\\/\"]}]},{\"@type\":\"BreadcrumbList\",\"@id\":\"https:\\\/\\\/krownvaudreuil.com\\\/en\\\/about-us\\\/#breadcrumb\",\"itemListElement\":[{\"@type\":\"ListItem\",\"position\":1,\"name\":\"Accueil\",\"item\":\"https:\\\/\\\/krownvaudreuil.com\\\/\"},{\"@type\":\"ListItem\",\"position\":2,\"name\":\"About us\"}]},{\"@type\":\"WebSite\",\"@id\":\"https:\\\/\\\/krownvaudreuil.com\\\/#website\",\"url\":\"https:\\\/\\\/krownvaudreuil.com\\\/\",\"name\":\"Krown Vaudreuil\",\"description\":\"We offer rustproofing services year-round!\",\"publisher\":{\"@id\":\"https:\\\/\\\/krownvaudreuil.com\\\/#organization\"},\"potentialAction\":[{\"@type\":\"SearchAction\",\"target\":{\"@type\":\"EntryPoint\",\"urlTemplate\":\"https:\\\/\\\/krownvaudreuil.com\\\/?s={search_term_string}\"},\"query-input\":{\"@type\":\"PropertyValueSpecification\",\"valueRequired\":true,\"valueName\":\"search_term_string\"}}],\"inLanguage\":\"en-US\"},{\"@type\":\"Organization\",\"@id\":\"https:\\\/\\\/krownvaudreuil.com\\\/#organization\",\"name\":\"Krown Vaudreuil\",\"url\":\"https:\\\/\\\/krownvaudreuil.com\\\/\",\"logo\":{\"@type\":\"ImageObject\",\"inLanguage\":\"en-US\",\"@id\":\"https:\\\/\\\/krownvaudreuil.com\\\/#\\\/schema\\\/logo\\\/image\\\/\",\"url\":\"https:\\\/\\\/krownvaudreuil.com\\\/wp-content\\\/uploads\\\/2024\\\/06\\\/Logo-version-Acxcom.png\",\"contentUrl\":\"https:\\\/\\\/krownvaudreuil.com\\\/wp-content\\\/uploads\\\/2024\\\/06\\\/Logo-version-Acxcom.png\",\"width\":551,\"height\":198,\"caption\":\"Krown Vaudreuil\"},\"image\":{\"@id\":\"https:\\\/\\\/krownvaudreuil.com\\\/#\\\/schema\\\/logo\\\/image\\\/\"},\"sameAs\":[\"https:\\\/\\\/www.facebook.com\\\/profile.php?id=100039129855139\"]}]}<\/script>\n<!-- \/ Yoast SEO plugin. -->","yoast_head_json":{"title":"About us - Krown Vaudreuil","robots":{"index":"index","follow":"follow","max-snippet":"max-snippet:-1","max-image-preview":"max-image-preview:large","max-video-preview":"max-video-preview:-1"},"canonical":"https:\/\/krownvaudreuil.com\/en\/about-us\/","og_locale":"en_US","og_type":"article","og_title":"About us - Krown Vaudreuil","og_description":"About Krown&nbsp;Discover Krown Vaudreuil-Dorion: Protect your vehicle with our trusted rustproofing solutions!Krown Vaudreuil-Dorion is the only rustproofing company recommended by the APA and Consumer Protection. Our Krown treatment extends the life of your equipment and reduces repair costs. We offer salt eliminator treatment and year-round rustproofing service.Our teamOur dedicated team, led by Claire-Ren\u00e9e Michaud and [&hellip;]","og_url":"https:\/\/krownvaudreuil.com\/en\/about-us\/","og_site_name":"Krown Vaudreuil","article_publisher":"https:\/\/www.facebook.com\/profile.php?id=100039129855139","article_modified_time":"2026-03-04T16:19:04+00:00","twitter_card":"summary_large_image","twitter_misc":{"Est. reading time":"3 minutes"},"schema":{"@context":"https:\/\/schema.org","@graph":[{"@type":"WebPage","@id":"https:\/\/krownvaudreuil.com\/en\/about-us\/","url":"https:\/\/krownvaudreuil.com\/en\/about-us\/","name":"About us - Krown Vaudreuil","isPartOf":{"@id":"https:\/\/krownvaudreuil.com\/#website"},"datePublished":"2024-06-17T23:26:42+00:00","dateModified":"2026-03-04T16:19:04+00:00","breadcrumb":{"@id":"https:\/\/krownvaudreuil.com\/en\/about-us\/#breadcrumb"},"inLanguage":"en-US","potentialAction":[{"@type":"ReadAction","target":["https:\/\/krownvaudreuil.com\/en\/about-us\/"]}]},{"@type":"BreadcrumbList","@id":"https:\/\/krownvaudreuil.com\/en\/about-us\/#breadcrumb","itemListElement":[{"@type":"ListItem","position":1,"name":"Accueil","item":"https:\/\/krownvaudreuil.com\/"},{"@type":"ListItem","position":2,"name":"About us"}]},{"@type":"WebSite","@id":"https:\/\/krownvaudreuil.com\/#website","url":"https:\/\/krownvaudreuil.com\/","name":"Krown Vaudreuil","description":"We offer rustproofing services year-round!","publisher":{"@id":"https:\/\/krownvaudreuil.com\/#organization"},"potentialAction":[{"@type":"SearchAction","target":{"@type":"EntryPoint","urlTemplate":"https:\/\/krownvaudreuil.com\/?s={search_term_string}"},"query-input":{"@type":"PropertyValueSpecification","valueRequired":true,"valueName":"search_term_string"}}],"inLanguage":"en-US"},{"@type":"Organization","@id":"https:\/\/krownvaudreuil.com\/#organization","name":"Krown Vaudreuil","url":"https:\/\/krownvaudreuil.com\/","logo":{"@type":"ImageObject","inLanguage":"en-US","@id":"https:\/\/krownvaudreuil.com\/#\/schema\/logo\/image\/","url":"https:\/\/krownvaudreuil.com\/wp-content\/uploads\/2024\/06\/Logo-version-Acxcom.png","contentUrl":"https:\/\/krownvaudreuil.com\/wp-content\/uploads\/2024\/06\/Logo-version-Acxcom.png","width":551,"height":198,"caption":"Krown Vaudreuil"},"image":{"@id":"https:\/\/krownvaudreuil.com\/#\/schema\/logo\/image\/"},"sameAs":["https:\/\/www.facebook.com\/profile.php?id=100039129855139"]}]}},"_links":{"self":[{"href":"https:\/\/krownvaudreuil.com\/en\/wp-json\/wp\/v2\/pages\/1051","targetHints":{"allow":["GET"]}}],"collection":[{"href":"https:\/\/krownvaudreuil.com\/en\/wp-json\/wp\/v2\/pages"}],"about":[{"href":"https:\/\/krownvaudreuil.com\/en\/wp-json\/wp\/v2\/types\/page"}],"author":[{"embeddable":true,"href":"https:\/\/krownvaudreuil.com\/en\/wp-json\/wp\/v2\/users\/1"}],"replies":[{"embeddable":true,"href":"https:\/\/krownvaudreuil.com\/en\/wp-json\/wp\/v2\/comments?post=1051"}],"version-history":[{"count":10,"href":"https:\/\/krownvaudreuil.com\/en\/wp-json\/wp\/v2\/pages\/1051\/revisions"}],"predecessor-version":[{"id":1476,"href":"https:\/\/krownvaudreuil.com\/en\/wp-json\/wp\/v2\/pages\/1051\/revisions\/1476"}],"wp:attachment":[{"href":"https:\/\/krownvaudreuil.com\/en\/wp-json\/wp\/v2\/media?parent=1051"}],"curies":[{"name":"wp","href":"https:\/\/api.w.org\/{rel}","templated":true}]}}